{"id":17,"date":"2018-11-08T19:10:42","date_gmt":"2018-11-08T18:10:42","guid":{"rendered":"http:\/\/kfzwerkstatt-herbst.de\/?page_id=17"},"modified":"2019-03-24T08:51:59","modified_gmt":"2019-03-24T07:51:59","slug":"startseite","status":"publish","type":"page","link":"https:\/\/kfzwerkstatt-herbst.de\/","title":{"rendered":"Startseite"},"content":{"rendered":"<p align=\"left\"><span style=\"font-family: webkit-standard;\">Wir sind ein famili\u00e4rer Kfz-Werkstattbetrieb f\u00fcr alle Marken und Modelle bis 3,5t. In naher Zukunft m\u00f6chten wir unseren Kunden auch Reparaturen bis 7,5t anbieten k\u00f6nnen.<\/span><\/p>\n<p align=\"left\"><span style=\"font-family: webkit-standard;\">Nat\u00fcrlich informieren wir euch hier zu gegebenem Zeitpunkt.<\/span><\/p>\n<p align=\"left\">Alle aktuellen Informationen findet ihr auch auf unserer <em><strong>Facebook<\/strong><\/em>-Seite. Die Verlinkung ist ganz unten links auf jeder Seite.<\/p>\n","protected":false},"excerpt":{"rendered":"<p>Wir sind ein famili\u00e4rer Kfz-Werkstattbetrieb f\u00fcr alle Marken und Modelle bis 3,5t. In naher Zukunft m\u00f6chten wir unseren Kunden auch Reparaturen bis 7,5t anbieten k\u00f6nnen. Nat\u00fcrlich informieren wir euch hier zu gegebenem Zeitpunkt. Alle aktuellen Informationen findet ihr auch auf unserer Facebook-Seite. Die Verlinkung ist ganz unten links auf jeder Seite.<\/p>\n","protected":false},"author":1,"featured_media":75,"parent":0,"menu_order":0,"comment_status":"closed","ping_status":"closed","template":"","meta":[],"yoast_head":"<!-- This site is optimized with the Yoast SEO plugin v20.6 - https:\/\/yoast.com\/wordpress\/plugins\/seo\/ -->\n<title>Startseite - Freie Kfz-Werkstatt Herbst Freie Kfz-Werkstatt Herbst in Wilsdruff bei Dresden<\/title>\n<meta name=\"description\" content=\"Autoservice von A - Z f\u00fcr Pkw und Transporter. Schnelle und unkomplizierte Hilfe bei Sch\u00e4den, Reparaturen und Inspektionen. T\u00e4glich T\u00dcV (Hauptuntersuchungen und Abgasuntersuchungen).\" \/>\n<meta name=\"robots\" content=\"index, follow, max-snippet:-1, max-image-preview:large, max-video-preview:-1\" \/>\n<link rel=\"canonical\" href=\"https:\/\/kfzwerkstatt-herbst.de\/\" \/>\n<meta property=\"og:locale\" content=\"de_DE\" \/>\n<meta property=\"og:type\" content=\"article\" \/>\n<meta property=\"og:title\" content=\"Startseite - Freie Kfz-Werkstatt Herbst Freie Kfz-Werkstatt Herbst in Wilsdruff bei Dresden\" \/>\n<meta property=\"og:description\" content=\"Autoservice von A - Z f\u00fcr Pkw und Transporter. Schnelle und unkomplizierte Hilfe bei Sch\u00e4den, Reparaturen und Inspektionen. T\u00e4glich T\u00dcV (Hauptuntersuchungen und Abgasuntersuchungen).\" \/>\n<meta property=\"og:url\" content=\"https:\/\/kfzwerkstatt-herbst.de\/\" \/>\n<meta property=\"og:site_name\" content=\"Freie Kfz-Werkstatt Herbst\" \/>\n<meta property=\"article:publisher\" content=\"https:\/\/www.facebook.com\/kfzherbst\/\" \/>\n<meta property=\"article:modified_time\" content=\"2019-03-24T07:51:59+00:00\" \/>\n<meta property=\"og:image\" content=\"https:\/\/kfzwerkstatt-herbst.de\/wp-content\/uploads\/2018\/11\/Webseite.jpeg\" \/>\n\t<meta property=\"og:image:width\" content=\"2953\" \/>\n\t<meta property=\"og:image:height\" content=\"1772\" \/>\n\t<meta property=\"og:image:type\" content=\"image\/jpeg\" \/>\n<meta name=\"twitter:card\" content=\"summary_large_image\" \/>\n<script type=\"application\/ld+json\" class=\"yoast-schema-graph\">{\"@context\":\"https:\/\/schema.org\",\"@graph\":[{\"@type\":\"WebPage\",\"@id\":\"https:\/\/kfzwerkstatt-herbst.de\/\",\"url\":\"https:\/\/kfzwerkstatt-herbst.de\/\",\"name\":\"Startseite - Freie Kfz-Werkstatt Herbst Freie Kfz-Werkstatt Herbst in Wilsdruff bei Dresden\",\"isPartOf\":{\"@id\":\"https:\/\/kfzwerkstatt-herbst.de\/#website\"},\"datePublished\":\"2018-11-08T18:10:42+00:00\",\"dateModified\":\"2019-03-24T07:51:59+00:00\",\"description\":\"Autoservice von A - Z f\u00fcr Pkw und Transporter. Schnelle und unkomplizierte Hilfe bei Sch\u00e4den, Reparaturen und Inspektionen. T\u00e4glich T\u00dcV (Hauptuntersuchungen und Abgasuntersuchungen).\",\"breadcrumb\":{\"@id\":\"https:\/\/kfzwerkstatt-herbst.de\/#breadcrumb\"},\"inLanguage\":\"de\",\"potentialAction\":[{\"@type\":\"ReadAction\",\"target\":[\"https:\/\/kfzwerkstatt-herbst.de\/\"]}]},{\"@type\":\"BreadcrumbList\",\"@id\":\"https:\/\/kfzwerkstatt-herbst.de\/#breadcrumb\",\"itemListElement\":[{\"@type\":\"ListItem\",\"position\":1,\"name\":\"Startseite\",\"item\":\"https:\/\/kfzwerkstatt-herbst.de\/\"},{\"@type\":\"ListItem\",\"position\":2,\"name\":\"Startseite\"}]},{\"@type\":\"WebSite\",\"@id\":\"https:\/\/kfzwerkstatt-herbst.de\/#website\",\"url\":\"https:\/\/kfzwerkstatt-herbst.de\/\",\"name\":\"Kfz-Werkstatt Herbst\",\"description\":\"Autoservice von A - Z f\u00fcr Pkw und Transporter\",\"publisher\":{\"@id\":\"https:\/\/kfzwerkstatt-herbst.de\/#organization\"},\"potentialAction\":[{\"@type\":\"SearchAction\",\"target\":{\"@type\":\"EntryPoint\",\"urlTemplate\":\"https:\/\/kfzwerkstatt-herbst.de\/?s={search_term_string}\"},\"query-input\":\"required name=search_term_string\"}],\"inLanguage\":\"de\"},{\"@type\":\"Organization\",\"@id\":\"https:\/\/kfzwerkstatt-herbst.de\/#organization\",\"name\":\"Kfz-Werkstatt Herbst\",\"url\":\"https:\/\/kfzwerkstatt-herbst.de\/\",\"logo\":{\"@type\":\"ImageObject\",\"inLanguage\":\"de\",\"@id\":\"https:\/\/kfzwerkstatt-herbst.de\/#\/schema\/logo\/image\/\",\"url\":null,\"contentUrl\":null,\"width\":1024,\"height\":614,\"caption\":\"Kfz-Werkstatt Herbst\"},\"image\":{\"@id\":\"https:\/\/kfzwerkstatt-herbst.de\/#\/schema\/logo\/image\/\"},\"sameAs\":[\"https:\/\/www.facebook.com\/kfzherbst\/\"]}]}<\/script>\n<!-- \/ Yoast SEO plugin. -->","yoast_head_json":{"title":"Startseite - Freie Kfz-Werkstatt Herbst Freie Kfz-Werkstatt Herbst in Wilsdruff bei Dresden","description":"Autoservice von A - Z f\u00fcr Pkw und Transporter. Schnelle und unkomplizierte Hilfe bei Sch\u00e4den, Reparaturen und Inspektionen. T\u00e4glich T\u00dcV (Hauptuntersuchungen und Abgasuntersuchungen).","robots":{"index":"index","follow":"follow","max-snippet":"max-snippet:-1","max-image-preview":"max-image-preview:large","max-video-preview":"max-video-preview:-1"},"canonical":"https:\/\/kfzwerkstatt-herbst.de\/","og_locale":"de_DE","og_type":"article","og_title":"Startseite - Freie Kfz-Werkstatt Herbst Freie Kfz-Werkstatt Herbst in Wilsdruff bei Dresden","og_description":"Autoservice von A - Z f\u00fcr Pkw und Transporter. Schnelle und unkomplizierte Hilfe bei Sch\u00e4den, Reparaturen und Inspektionen. T\u00e4glich T\u00dcV (Hauptuntersuchungen und Abgasuntersuchungen).","og_url":"https:\/\/kfzwerkstatt-herbst.de\/","og_site_name":"Freie Kfz-Werkstatt Herbst","article_publisher":"https:\/\/www.facebook.com\/kfzherbst\/","article_modified_time":"2019-03-24T07:51:59+00:00","og_image":[{"width":2953,"height":1772,"url":"https:\/\/kfzwerkstatt-herbst.de\/wp-content\/uploads\/2018\/11\/Webseite.jpeg","type":"image\/jpeg"}],"twitter_card":"summary_large_image","schema":{"@context":"https:\/\/schema.org","@graph":[{"@type":"WebPage","@id":"https:\/\/kfzwerkstatt-herbst.de\/","url":"https:\/\/kfzwerkstatt-herbst.de\/","name":"Startseite - Freie Kfz-Werkstatt Herbst Freie Kfz-Werkstatt Herbst in Wilsdruff bei Dresden","isPartOf":{"@id":"https:\/\/kfzwerkstatt-herbst.de\/#website"},"datePublished":"2018-11-08T18:10:42+00:00","dateModified":"2019-03-24T07:51:59+00:00","description":"Autoservice von A - Z f\u00fcr Pkw und Transporter. Schnelle und unkomplizierte Hilfe bei Sch\u00e4den, Reparaturen und Inspektionen. T\u00e4glich T\u00dcV (Hauptuntersuchungen und Abgasuntersuchungen).","breadcrumb":{"@id":"https:\/\/kfzwerkstatt-herbst.de\/#breadcrumb"},"inLanguage":"de","potentialAction":[{"@type":"ReadAction","target":["https:\/\/kfzwerkstatt-herbst.de\/"]}]},{"@type":"BreadcrumbList","@id":"https:\/\/kfzwerkstatt-herbst.de\/#breadcrumb","itemListElement":[{"@type":"ListItem","position":1,"name":"Startseite","item":"https:\/\/kfzwerkstatt-herbst.de\/"},{"@type":"ListItem","position":2,"name":"Startseite"}]},{"@type":"WebSite","@id":"https:\/\/kfzwerkstatt-herbst.de\/#website","url":"https:\/\/kfzwerkstatt-herbst.de\/","name":"Kfz-Werkstatt Herbst","description":"Autoservice von A - Z f\u00fcr Pkw und Transporter","publisher":{"@id":"https:\/\/kfzwerkstatt-herbst.de\/#organization"},"potentialAction":[{"@type":"SearchAction","target":{"@type":"EntryPoint","urlTemplate":"https:\/\/kfzwerkstatt-herbst.de\/?s={search_term_string}"},"query-input":"required name=search_term_string"}],"inLanguage":"de"},{"@type":"Organization","@id":"https:\/\/kfzwerkstatt-herbst.de\/#organization","name":"Kfz-Werkstatt Herbst","url":"https:\/\/kfzwerkstatt-herbst.de\/","logo":{"@type":"ImageObject","inLanguage":"de","@id":"https:\/\/kfzwerkstatt-herbst.de\/#\/schema\/logo\/image\/","url":null,"contentUrl":null,"width":1024,"height":614,"caption":"Kfz-Werkstatt Herbst"},"image":{"@id":"https:\/\/kfzwerkstatt-herbst.de\/#\/schema\/logo\/image\/"},"sameAs":["https:\/\/www.facebook.com\/kfzherbst\/"]}]}},"_links":{"self":[{"href":"https:\/\/kfzwerkstatt-herbst.de\/index.php?rest_route=\/wp\/v2\/pages\/17"}],"collection":[{"href":"https:\/\/kfzwerkstatt-herbst.de\/index.php?rest_route=\/wp\/v2\/pages"}],"about":[{"href":"https:\/\/kfzwerkstatt-herbst.de\/index.php?rest_route=\/wp\/v2\/types\/page"}],"author":[{"embeddable":true,"href":"https:\/\/kfzwerkstatt-herbst.de\/index.php?rest_route=\/wp\/v2\/users\/1"}],"replies":[{"embeddable":true,"href":"https:\/\/kfzwerkstatt-herbst.de\/index.php?rest_route=%2Fwp%2Fv2%2Fcomments&post=17"}],"version-history":[{"count":7,"href":"https:\/\/kfzwerkstatt-herbst.de\/index.php?rest_route=\/wp\/v2\/pages\/17\/revisions"}],"predecessor-version":[{"id":85,"href":"https:\/\/kfzwerkstatt-herbst.de\/index.php?rest_route=\/wp\/v2\/pages\/17\/revisions\/85"}],"wp:featuredmedia":[{"embeddable":true,"href":"https:\/\/kfzwerkstatt-herbst.de\/index.php?rest_route=\/wp\/v2\/media\/75"}],"wp:attachment":[{"href":"https:\/\/kfzwerkstatt-herbst.de\/index.php?rest_route=%2Fwp%2Fv2%2Fmedia&parent=17"}],"curies":[{"name":"wp","href":"https:\/\/api.w.org\/{rel}","templated":true}]}}