{"id":18,"date":"2018-11-06T21:55:48","date_gmt":"2018-11-06T20:55:48","guid":{"rendered":"http:\/\/kfzwerkstatt-herbst.de\/?page_id=18"},"modified":"2018-11-08T19:10:42","modified_gmt":"2018-11-08T18:10:42","slug":"ueber-mich","status":"publish","type":"page","link":"https:\/\/kfzwerkstatt-herbst.de\/?page_id=18","title":{"rendered":"Unsere Passion"},"content":{"rendered":"<p align=\"left\"><span style=\"font-family: webkit-standard;\">Besonders wichtig f\u00fcr uns:<\/span><\/p>\n<p align=\"left\"><span style=\"font-family: webkit-standard;\">Wir unterst\u00fctzen alle ehrenamtlich t\u00e4tigen Menschen, vor allem aus den Bereichen Feuerwehr und Rettungsdienst mit einem Rabatt von 20 % auf alle Ersatzteile, da wir selbst wissen, welchen besonderen Belastungen gerade die Fahrzeuge dieser Menschen ausgesetzt sind.<\/span><\/p>\n<p align=\"left\"><span style=\"font-family: webkit-standard;\">Kommt vorbei und lasst euch von uns kompetent beraten.<\/span><\/p>\n","protected":false},"excerpt":{"rendered":"<p>Besonders wichtig f\u00fcr uns: Wir unterst\u00fctzen alle ehrenamtlich t\u00e4tigen Menschen, vor allem aus den Bereichen Feuerwehr und Rettungsdienst mit einem Rabatt von 20 % auf alle Ersatzteile, da wir selbst wissen, welchen besonderen Belastungen gerade die Fahrzeuge dieser Menschen ausgesetzt sind. Kommt vorbei und lasst euch von uns kompetent beraten.<\/p>\n","protected":false},"author":1,"featured_media":41,"parent":0,"menu_order":0,"comment_status":"closed","ping_status":"closed","template":"","meta":[],"yoast_head":"<!-- This site is optimized with the Yoast SEO plugin v20.6 - https:\/\/yoast.com\/wordpress\/plugins\/seo\/ -->\n<title>Unsere Passion - Freie Kfz-Werkstatt Herbst<\/title>\n<meta name=\"robots\" content=\"index, follow, max-snippet:-1, max-image-preview:large, max-video-preview:-1\" \/>\n<link rel=\"canonical\" href=\"https:\/\/kfzwerkstatt-herbst.de\/?page_id=18\" \/>\n<meta property=\"og:locale\" content=\"de_DE\" \/>\n<meta property=\"og:type\" content=\"article\" \/>\n<meta property=\"og:title\" content=\"Unsere Passion - Freie Kfz-Werkstatt Herbst\" \/>\n<meta property=\"og:description\" content=\"Besonders wichtig f\u00fcr uns: Wir unterst\u00fctzen alle ehrenamtlich t\u00e4tigen Menschen, vor allem aus den Bereichen Feuerwehr und Rettungsdienst mit einem Rabatt von 20 % auf alle Ersatzteile, da wir selbst wissen, welchen besonderen Belastungen gerade die Fahrzeuge dieser Menschen ausgesetzt sind. Kommt vorbei und lasst euch von uns kompetent beraten.\" \/>\n<meta property=\"og:url\" content=\"https:\/\/kfzwerkstatt-herbst.de\/?page_id=18\" \/>\n<meta property=\"og:site_name\" content=\"Freie Kfz-Werkstatt Herbst\" \/>\n<meta property=\"article:publisher\" content=\"https:\/\/www.facebook.com\/kfzherbst\/\" \/>\n<meta property=\"article:modified_time\" content=\"2018-11-08T18:10:42+00:00\" \/>\n<meta property=\"og:image\" content=\"https:\/\/kfzwerkstatt-herbst.de\/wp-content\/uploads\/2018\/11\/Foto-19.07.18-17-08-52-1-1024x768.jpg\" \/>\n\t<meta property=\"og:image:width\" content=\"1024\" \/>\n\t<meta property=\"og:image:height\" content=\"768\" \/>\n\t<meta property=\"og:image:type\" content=\"image\/jpeg\" \/>\n<meta name=\"twitter:card\" content=\"summary_large_image\" \/>\n<script type=\"application\/ld+json\" class=\"yoast-schema-graph\">{\"@context\":\"https:\/\/schema.org\",\"@graph\":[{\"@type\":\"WebPage\",\"@id\":\"https:\/\/kfzwerkstatt-herbst.de\/?page_id=18\",\"url\":\"https:\/\/kfzwerkstatt-herbst.de\/?page_id=18\",\"name\":\"Unsere Passion - Freie Kfz-Werkstatt Herbst\",\"isPartOf\":{\"@id\":\"https:\/\/kfzwerkstatt-herbst.de\/#website\"},\"datePublished\":\"2018-11-06T20:55:48+00:00\",\"dateModified\":\"2018-11-08T18:10:42+00:00\",\"breadcrumb\":{\"@id\":\"https:\/\/kfzwerkstatt-herbst.de\/?page_id=18#breadcrumb\"},\"inLanguage\":\"de\",\"potentialAction\":[{\"@type\":\"ReadAction\",\"target\":[\"https:\/\/kfzwerkstatt-herbst.de\/?page_id=18\"]}]},{\"@type\":\"BreadcrumbList\",\"@id\":\"https:\/\/kfzwerkstatt-herbst.de\/?page_id=18#breadcrumb\",\"itemListElement\":[{\"@type\":\"ListItem\",\"position\":1,\"name\":\"Startseite\",\"item\":\"https:\/\/kfzwerkstatt-herbst.de\/\"},{\"@type\":\"ListItem\",\"position\":2,\"name\":\"Unsere Passion\"}]},{\"@type\":\"WebSite\",\"@id\":\"https:\/\/kfzwerkstatt-herbst.de\/#website\",\"url\":\"https:\/\/kfzwerkstatt-herbst.de\/\",\"name\":\"Kfz-Werkstatt Herbst\",\"description\":\"Autoservice von A - Z f\u00fcr Pkw und Transporter\",\"publisher\":{\"@id\":\"https:\/\/kfzwerkstatt-herbst.de\/#organization\"},\"potentialAction\":[{\"@type\":\"SearchAction\",\"target\":{\"@type\":\"EntryPoint\",\"urlTemplate\":\"https:\/\/kfzwerkstatt-herbst.de\/?s={search_term_string}\"},\"query-input\":\"required name=search_term_string\"}],\"inLanguage\":\"de\"},{\"@type\":\"Organization\",\"@id\":\"https:\/\/kfzwerkstatt-herbst.de\/#organization\",\"name\":\"Kfz-Werkstatt Herbst\",\"url\":\"https:\/\/kfzwerkstatt-herbst.de\/\",\"logo\":{\"@type\":\"ImageObject\",\"inLanguage\":\"de\",\"@id\":\"https:\/\/kfzwerkstatt-herbst.de\/#\/schema\/logo\/image\/\",\"url\":null,\"contentUrl\":null,\"width\":1024,\"height\":614,\"caption\":\"Kfz-Werkstatt Herbst\"},\"image\":{\"@id\":\"https:\/\/kfzwerkstatt-herbst.de\/#\/schema\/logo\/image\/\"},\"sameAs\":[\"https:\/\/www.facebook.com\/kfzherbst\/\"]}]}<\/script>\n<!-- \/ Yoast SEO plugin. -->","yoast_head_json":{"title":"Unsere Passion - Freie Kfz-Werkstatt Herbst","robots":{"index":"index","follow":"follow","max-snippet":"max-snippet:-1","max-image-preview":"max-image-preview:large","max-video-preview":"max-video-preview:-1"},"canonical":"https:\/\/kfzwerkstatt-herbst.de\/?page_id=18","og_locale":"de_DE","og_type":"article","og_title":"Unsere Passion - Freie Kfz-Werkstatt Herbst","og_description":"Besonders wichtig f\u00fcr uns: Wir unterst\u00fctzen alle ehrenamtlich t\u00e4tigen Menschen, vor allem aus den Bereichen Feuerwehr und Rettungsdienst mit einem Rabatt von 20 % auf alle Ersatzteile, da wir selbst wissen, welchen besonderen Belastungen gerade die Fahrzeuge dieser Menschen ausgesetzt sind. Kommt vorbei und lasst euch von uns kompetent beraten.","og_url":"https:\/\/kfzwerkstatt-herbst.de\/?page_id=18","og_site_name":"Freie Kfz-Werkstatt Herbst","article_publisher":"https:\/\/www.facebook.com\/kfzherbst\/","article_modified_time":"2018-11-08T18:10:42+00:00","og_image":[{"width":1024,"height":768,"url":"https:\/\/kfzwerkstatt-herbst.de\/wp-content\/uploads\/2018\/11\/Foto-19.07.18-17-08-52-1-1024x768.jpg","type":"image\/jpeg"}],"twitter_card":"summary_large_image","schema":{"@context":"https:\/\/schema.org","@graph":[{"@type":"WebPage","@id":"https:\/\/kfzwerkstatt-herbst.de\/?page_id=18","url":"https:\/\/kfzwerkstatt-herbst.de\/?page_id=18","name":"Unsere Passion - Freie Kfz-Werkstatt Herbst","isPartOf":{"@id":"https:\/\/kfzwerkstatt-herbst.de\/#website"},"datePublished":"2018-11-06T20:55:48+00:00","dateModified":"2018-11-08T18:10:42+00:00","breadcrumb":{"@id":"https:\/\/kfzwerkstatt-herbst.de\/?page_id=18#breadcrumb"},"inLanguage":"de","potentialAction":[{"@type":"ReadAction","target":["https:\/\/kfzwerkstatt-herbst.de\/?page_id=18"]}]},{"@type":"BreadcrumbList","@id":"https:\/\/kfzwerkstatt-herbst.de\/?page_id=18#breadcrumb","itemListElement":[{"@type":"ListItem","position":1,"name":"Startseite","item":"https:\/\/kfzwerkstatt-herbst.de\/"},{"@type":"ListItem","position":2,"name":"Unsere Passion"}]},{"@type":"WebSite","@id":"https:\/\/kfzwerkstatt-herbst.de\/#website","url":"https:\/\/kfzwerkstatt-herbst.de\/","name":"Kfz-Werkstatt Herbst","description":"Autoservice von A - Z f\u00fcr Pkw und Transporter","publisher":{"@id":"https:\/\/kfzwerkstatt-herbst.de\/#organization"},"potentialAction":[{"@type":"SearchAction","target":{"@type":"EntryPoint","urlTemplate":"https:\/\/kfzwerkstatt-herbst.de\/?s={search_term_string}"},"query-input":"required name=search_term_string"}],"inLanguage":"de"},{"@type":"Organization","@id":"https:\/\/kfzwerkstatt-herbst.de\/#organization","name":"Kfz-Werkstatt Herbst","url":"https:\/\/kfzwerkstatt-herbst.de\/","logo":{"@type":"ImageObject","inLanguage":"de","@id":"https:\/\/kfzwerkstatt-herbst.de\/#\/schema\/logo\/image\/","url":null,"contentUrl":null,"width":1024,"height":614,"caption":"Kfz-Werkstatt Herbst"},"image":{"@id":"https:\/\/kfzwerkstatt-herbst.de\/#\/schema\/logo\/image\/"},"sameAs":["https:\/\/www.facebook.com\/kfzherbst\/"]}]}},"_links":{"self":[{"href":"https:\/\/kfzwerkstatt-herbst.de\/index.php?rest_route=\/wp\/v2\/pages\/18"}],"collection":[{"href":"https:\/\/kfzwerkstatt-herbst.de\/index.php?rest_route=\/wp\/v2\/pages"}],"about":[{"href":"https:\/\/kfzwerkstatt-herbst.de\/index.php?rest_route=\/wp\/v2\/types\/page"}],"author":[{"embeddable":true,"href":"https:\/\/kfzwerkstatt-herbst.de\/index.php?rest_route=\/wp\/v2\/users\/1"}],"replies":[{"embeddable":true,"href":"https:\/\/kfzwerkstatt-herbst.de\/index.php?rest_route=%2Fwp%2Fv2%2Fcomments&post=18"}],"version-history":[{"count":3,"href":"https:\/\/kfzwerkstatt-herbst.de\/index.php?rest_route=\/wp\/v2\/pages\/18\/revisions"}],"predecessor-version":[{"id":60,"href":"https:\/\/kfzwerkstatt-herbst.de\/index.php?rest_route=\/wp\/v2\/pages\/18\/revisions\/60"}],"wp:featuredmedia":[{"embeddable":true,"href":"https:\/\/kfzwerkstatt-herbst.de\/index.php?rest_route=\/wp\/v2\/media\/41"}],"wp:attachment":[{"href":"https:\/\/kfzwerkstatt-herbst.de\/index.php?rest_route=%2Fwp%2Fv2%2Fmedia&parent=18"}],"curies":[{"name":"wp","href":"https:\/\/api.w.org\/{rel}","templated":true}]}}